{"id":164,"date":"2024-04-03T15:08:24","date_gmt":"2024-04-03T18:08:24","guid":{"rendered":"https:\/\/blog.e-contab.com.br\/?page_id=164"},"modified":"2026-01-20T15:30:42","modified_gmt":"2026-01-20T18:30:42","slug":"nossas-solucoes","status":"publish","type":"page","link":"https:\/\/blog.e-contab.com.br\/index.php\/nossas-solucoes\/","title":{"rendered":"Nossas solu\u00e7\u00f5es"},"content":{"rendered":"\n<figure class=\"wp-block-image size-full\"><img loading=\"lazy\" decoding=\"async\" width=\"928\" height=\"160\" src=\"https:\/\/blog.e-contab.com.br\/wp-content\/uploads\/2026\/01\/BANNER-2.png\" alt=\"\" class=\"wp-image-712\" srcset=\"https:\/\/blog.e-contab.com.br\/wp-content\/uploads\/2026\/01\/BANNER-2.png 928w, https:\/\/blog.e-contab.com.br\/wp-content\/uploads\/2026\/01\/BANNER-2-300x52.png 300w, https:\/\/blog.e-contab.com.br\/wp-content\/uploads\/2026\/01\/BANNER-2-768x132.png 768w, https:\/\/blog.e-contab.com.br\/wp-content\/uploads\/2026\/01\/BANNER-2-348x60.png 348w\" sizes=\"(max-width: 928px) 100vw, 928px\" \/><\/figure>\n\n\n\n<figure class=\"wp-block-image size-full\"><img loading=\"lazy\" decoding=\"async\" width=\"298\" height=\"48\" src=\"https:\/\/blog.e-contab.com.br\/wp-content\/uploads\/2026\/01\/folha-de-pagamento-1.png\" alt=\"\" class=\"wp-image-715\"\/><\/figure>\n\n\n\n<p style=\"font-size:18px\">O Sistema Folha de Pagamento \u00e9 um software completo para otimizar a gest\u00e3o de departamento pessoal em empresas e escrit\u00f3rios de contabilidade, Possui ferramentas que auxiliam em todas as rotinas, al\u00e9m de estar preparado para as obriga\u00e7\u00f5es do governo.<\/p>\n\n\n\n<ul>\n<li style=\"font-size:16px\"><strong>Totalmente preparado para o eSocial: <\/strong>Software seguro para envio de informa\u00e7\u00f5es e preparado para as obriga\u00e7\u00f5es do eSocial.<\/li>\n\n\n\n<li style=\"font-size:16px\"><strong>Tabela de impostos atualizadas automaticamente: <\/strong>Equipe legislativa sempre informada sobre mudan\u00e7as da legisla\u00e7\u00e3o para otimizar seu tempo.<\/li>\n\n\n\n<li style=\"font-size:16px\"><strong>Gera\u00e7\u00e3o de Folha de Pagamento em grupo:<\/strong> Simplicidade na gera\u00e7\u00e3o, lan\u00e7amento de valores e emiss\u00e3o de recibos, tudo em uma \u00fanica tela.<br><br><br><\/li>\n<\/ul>\n\n\n\n<figure class=\"wp-block-image size-full\"><img loading=\"lazy\" decoding=\"async\" width=\"218\" height=\"48\" src=\"https:\/\/blog.e-contab.com.br\/wp-content\/uploads\/2026\/01\/contabilidade.png\" alt=\"\" class=\"wp-image-717\"\/><\/figure>\n\n\n\n<p style=\"font-size:18px\">O programa de Contabilidade possui diversos recursos que agilizam os lan\u00e7amentos cont\u00e1beis e emite diversos relat\u00f3rios gerenciais que otimizam a gest\u00e3o do seu neg\u00f3cio.<\/p>\n\n\n\n<ul>\n<li style=\"font-size:16px\"><strong>Preparado para o SPED Cont\u00e1bil:<\/strong> Tenha mais agilidade e seguran\u00e7a no envio das informa\u00e7\u00f5es da sua empresa para o governo. Fa\u00e7a o envio da sua ECD dentro do prazo e corretamente.<\/li>\n\n\n\n<li style=\"font-size:16px\"><strong>Rotinas mais automatizadas: <\/strong>Automatizamos a sua rotina cont\u00e1bil com agilidade e seguran\u00e7a, proporcionando mais produtividade e aumento de competitividade.<\/li>\n\n\n\n<li style=\"font-size:16px\"><strong>Relat\u00f3rios cont\u00e1beis completos:<\/strong> Tome decis\u00f5es mais assertivas com dados reais sobre a sua empresa e seus clientes. Aumente seus resultados com mais efetividade.<br><br><br><\/li>\n<\/ul>\n\n\n\n<figure class=\"wp-block-image size-full\"><img loading=\"lazy\" decoding=\"async\" width=\"208\" height=\"48\" src=\"https:\/\/blog.e-contab.com.br\/wp-content\/uploads\/2026\/01\/livros-fiscais.png\" alt=\"\" class=\"wp-image-718\"\/><\/figure>\n\n\n\n<p style=\"font-size:18px\">O sistema Livros Fiscais SuperSoft \u00e9 ideal para apura\u00e7\u00e3o de impostos e escritura\u00e7\u00e3o dos livros fiscais, totalmente integrado aos sistemas Contabilidade e Nota Fiscal Eletr\u00f4nica (NF-e).<\/p>\n\n\n\n<ul>\n<li style=\"font-size:16px\"><strong>Preparado para o REINF, SPED EFD, ECF:<\/strong> O software Livros Fiscais SuperSoft auxilia no preenchimento das informa\u00e7\u00f5es e no envio aos sistemas do governo, diminuindo seu tempo de trabalho e agilizando sua rotina.<\/li>\n\n\n\n<li style=\"font-size:16px\"><strong>Calcula automaticamente todos os impostos: <\/strong>Aumente sua produtividade reduzindo tempo com c\u00e1lculos de impostos. O sistema realiza essa tarefa por voc\u00ea de maneira autom\u00e1tica e r\u00e1pida.<\/li>\n\n\n\n<li style=\"font-size:16px\"><strong>Rotinas mais automatizadas e produtivas:<\/strong> Automatizamos a sua rotina com agilidade e seguran\u00e7a, proporcionando mais produtividade e aumento de competitividade. Invista em um sistema ideal para o seu neg\u00f3cio.<br><br><br><\/li>\n<\/ul>\n\n\n\n<figure class=\"wp-block-image size-full\"><img loading=\"lazy\" decoding=\"async\" width=\"181\" height=\"48\" src=\"https:\/\/blog.e-contab.com.br\/wp-content\/uploads\/2026\/01\/busca-xml.png\" alt=\"\" class=\"wp-image-719\"\/><\/figure>\n\n\n\n<p style=\"font-size:18px\">O programa Busca XML \u00e9 uma ferramenta de auditoria que captura automaticamente os XML&#8217;s das Notas Fiscais Eletr\u00f4nicas (NF-e) emitidas contra a empresa, direto da Secretaria da Fazenda (SEFAZ).<\/p>\n\n\n\n<ul>\n<li style=\"font-size:16px\"><strong>Praticidade e seguran\u00e7a:<\/strong> Baixa NF-e direto da SEFAZ, al\u00e9m de ser f\u00e1cil e intuitivo de manusear<\/li>\n\n\n\n<li style=\"font-size:16px\"><strong>Agilidade:<\/strong> Rotina de manifesta\u00e7\u00e3o de NF-e junto aos destinat\u00e1rios<\/li>\n\n\n\n<li style=\"font-size:16px\"><strong>Confiabilidade:<\/strong> Auditoria completa afim de eliminar fraudes e falsifica\u00e7\u00f5es da NF-e<br><br><br><\/li>\n<\/ul>\n\n\n\n<figure class=\"wp-block-image size-full\"><img loading=\"lazy\" decoding=\"async\" width=\"297\" height=\"48\" src=\"https:\/\/blog.e-contab.com.br\/wp-content\/uploads\/2026\/01\/controle-patrimonial.png\" alt=\"\" class=\"wp-image-720\"\/><\/figure>\n\n\n\n<p style=\"font-size:18px\">Visualize todas as informa\u00e7\u00f5es fiscais, cont\u00e1beis e tribut\u00e1rias dos bens, al\u00e9m de ter acesso a consolida\u00e7\u00e3o de informa\u00e7\u00f5es entre matriz e filiais, utilizando centros de custos e diversos relat\u00f3rios.<\/p>\n\n\n\n<ul>\n<li style=\"font-size:16px\"><strong>Acompanhe o valor de seus bens:<\/strong> controle total da deprecia\u00e7\u00e3o acelerada de bens.<\/li>\n\n\n\n<li style=\"font-size:16px\"><strong>Liberdade para realizar transfer\u00eancias sempre que necess\u00e1rio:<\/strong> Controla a transfer\u00eancia dos bens entre locais, centros de custos, etc.<\/li>\n\n\n\n<li style=\"font-size:16px\"><strong>Dados e informa\u00e7\u00f5es \u00e0 sua disposi\u00e7\u00e3o:<\/strong> Possui diversos relat\u00f3rios anal\u00edticos, sint\u00e9ticos e gerenciais.<br><br><br><a href=\"https:\/\/youtu.be\/Cj8jb0HutqQ\" target=\"_blank\" rel=\"noreferrer noopener\"><\/a><\/li>\n<\/ul>\n\n\n\n<figure class=\"wp-block-image size-full\"><img loading=\"lazy\" decoding=\"async\" width=\"283\" height=\"48\" src=\"https:\/\/blog.e-contab.com.br\/wp-content\/uploads\/2026\/01\/controle-financeiro.png\" alt=\"\" class=\"wp-image-721\"\/><\/figure>\n\n\n\n<p style=\"font-size:18px\">Com o sistema Financeiro \u00e9 poss\u00edvel controlar contas a pagar e a receber, fluxo de caixa, controle por centros de custos, al\u00e9m de diversos relat\u00f3rios gerenciais.<\/p>\n\n\n\n<ul>\n<li style=\"font-size:16px\"><strong>Compat\u00edvel com padr\u00e3o CNAB:<\/strong> envio e recebimento de arquivos no padr\u00e3o CNAB para as principais institui\u00e7\u00f5es financeiras.<\/li>\n\n\n\n<li style=\"font-size:16px\"><strong>Emiss\u00e3o de diversos documentos:<\/strong> controle de pagamentos, nota de d\u00e9bito, recibo de d\u00e9bito, boleto banc\u00e1rio, etiquetas, duplicatas e cheques.<\/li>\n\n\n\n<li style=\"font-size:16px\"><strong>Total controle de suas contas:<\/strong> impress\u00e3o de relat\u00f3rios contendo as previs\u00f5es de pagamentos (ordens de compra) e recebimentos (pedidos de venda).<br><br><br><\/li>\n<\/ul>\n\n\n\n<figure class=\"wp-block-image size-full\"><img loading=\"lazy\" decoding=\"async\" width=\"374\" height=\"48\" src=\"https:\/\/blog.e-contab.com.br\/wp-content\/uploads\/2026\/01\/administrador-de-escritorio.png\" alt=\"\" class=\"wp-image-722\" srcset=\"https:\/\/blog.e-contab.com.br\/wp-content\/uploads\/2026\/01\/administrador-de-escritorio.png 374w, https:\/\/blog.e-contab.com.br\/wp-content\/uploads\/2026\/01\/administrador-de-escritorio-300x39.png 300w\" sizes=\"(max-width: 374px) 100vw, 374px\" \/><\/figure>\n\n\n\n<p style=\"font-size:18px\">O software Administrador de Escrit\u00f3rio \u00e9 adequado para escrit\u00f3rios que necessitam de um sistema simples e eficiente para controle das contas de seus clientes.<\/p>\n\n\n\n<ul>\n<li style=\"font-size:16px\"><strong>Seu parceiro na administra\u00e7\u00e3o do seu escrit\u00f3rio:<\/strong> Controla e auxilia a movimenta\u00e7\u00e3o de honor\u00e1rios para clientes<\/li>\n\n\n\n<li style=\"font-size:16px\"><strong>Organiza\u00e7\u00e3o e praticidade:<\/strong> Gera\u00e7\u00e3o de protocolos de envio de documentos, impress\u00e3o de boletos e muito mais.<\/li>\n\n\n\n<li style=\"font-size:16px\"><strong>Obtenha resultados expressivos no seu escrit\u00f3rio de contabilidade:<\/strong> Emiss\u00e3o de diversos relat\u00f3rios gerenciais que auxiliar\u00e3o na tomada de decis\u00f5es.<br><br><br><a href=\"https:\/\/youtu.be\/QmZVWvSZNr0\" target=\"_blank\" rel=\"noreferrer noopener\"><\/a><\/li>\n<\/ul>\n\n\n\n<figure class=\"wp-block-image size-full\"><img loading=\"lazy\" decoding=\"async\" width=\"164\" height=\"48\" src=\"https:\/\/blog.e-contab.com.br\/wp-content\/uploads\/2026\/01\/autocont.png\" alt=\"\" class=\"wp-image-723\"\/><\/figure>\n\n\n\n<p style=\"font-size:18px\">O AutoCont \u00e9 um software de automa\u00e7\u00e3o abrangente que realiza fun\u00e7\u00f5es vitais, antes realizadas pelos sistemas Folha de Pagamento, Contabilidade e Livros Fiscais.<\/p>\n\n\n\n<ul>\n<li style=\"font-size:16px\"><strong>Otimize fun\u00e7\u00f5es e tenha tempo de sobra:<\/strong> Automa\u00e7\u00e3o de opera\u00e7\u00f5es, alta capacidade de executar tarefas complexas de maneira r\u00e1pida e precisa, economizando tempo e recursos preciosos.<\/li>\n\n\n\n<li style=\"font-size:16px\"><strong>Realiza\u00e7\u00e3o de processos sem dor de cabe\u00e7a:<\/strong> Gera\u00e7\u00e3o da folha de pagamento no dia e hor\u00e1rio agendado, sem preocupa\u00e7\u00e3o e totalmente automatizada. <\/li>\n\n\n\n<li style=\"font-size:16px\"><strong>Desfrute de praticidade e extrema agilidade:<\/strong> A importa\u00e7\u00e3o de arquivos XML \u00e9 autom\u00e1tica, nos dias e hor\u00e1rios de sua escolha, conforme o agendamento pr\u00e9vio que voc\u00ea estabelecer.<br><br><br><\/li>\n<\/ul>\n\n\n\n<figure class=\"wp-block-image size-full\"><img loading=\"lazy\" decoding=\"async\" width=\"309\" height=\"48\" src=\"https:\/\/blog.e-contab.com.br\/wp-content\/uploads\/2026\/01\/nota-fiscal-eletronica.png\" alt=\"\" class=\"wp-image-724\" srcset=\"https:\/\/blog.e-contab.com.br\/wp-content\/uploads\/2026\/01\/nota-fiscal-eletronica.png 309w, https:\/\/blog.e-contab.com.br\/wp-content\/uploads\/2026\/01\/nota-fiscal-eletronica-300x47.png 300w\" sizes=\"(max-width: 309px) 100vw, 309px\" \/><\/figure>\n\n\n\n<p style=\"font-size:18px\">Com o sistema de Nota Fiscal Eletr\u00f4nica \u00e9 poss\u00edvel emitir, enviar e gerenciar suas Notas Fiscais Eletr\u00f4nicas de maneira segura e automatizada. Adequado para a micro e pequena empresa.<\/p>\n\n\n\n<ul>\n<li style=\"font-size:16px\"><strong>N\u00e3o se preocupe mais com eventuais erros de c\u00e1lculos:<\/strong> C\u00e1lculo autom\u00e1tico do valor da nota, fatura e impostos.<\/li>\n\n\n\n<li style=\"font-size:16px\"><strong>Controle e organiza\u00e7\u00e3o em um s\u00f3 lugar:<\/strong> Com o sistema voc\u00ea tem controle das notas que ainda n\u00e3o foram enviadas por e-mail ao destinat\u00e1rio.<\/li>\n\n\n\n<li style=\"font-size:16px\"><strong>Um software completo para a sua empresa:<\/strong> Emite relat\u00f3rios para a gest\u00e3o das vendas, impress\u00e3o do DANFE, alertas sobre a validade do certificado digital e emiss\u00e3o do Manifesto Eletr\u00f4nico de Documentos Fiscais (MDF-e).<br><br><br><\/li>\n<\/ul>\n\n\n\n<figure class=\"wp-block-image size-full\"><img loading=\"lazy\" decoding=\"async\" width=\"352\" height=\"48\" src=\"https:\/\/blog.e-contab.com.br\/wp-content\/uploads\/2026\/01\/ppp.png\" alt=\"\" class=\"wp-image-725\" srcset=\"https:\/\/blog.e-contab.com.br\/wp-content\/uploads\/2026\/01\/ppp.png 352w, https:\/\/blog.e-contab.com.br\/wp-content\/uploads\/2026\/01\/ppp-300x41.png 300w\" sizes=\"(max-width: 352px) 100vw, 352px\" \/><\/figure>\n\n\n\n<p style=\"font-size:18px\">O sistema Perfil Profissiogr\u00e1fico Previdenci\u00e1rio \u00e9 ideal para a gest\u00e3o de Sa\u00fade e Seguran\u00e7a do Trabalho e est\u00e1 preparado para o envio dos eventos S-2210, S-2220 e S-2240 de SST ao eSocial.<\/p>\n\n\n\n<ul>\n<li style=\"font-size:16px\"><strong>Emiss\u00e3o de documentos oficiais: <\/strong>O software permite a manuten\u00e7\u00e3o e impress\u00e3o do documento oficial com as informa\u00e7\u00f5es do Perfil Profissiogr\u00e1fico Previdenci\u00e1rio (PPP), al\u00e9m de controlar CATs e Exames M\u00e9dicos.<\/li>\n\n\n\n<li style=\"font-size:16px\"><strong>Usabilidade flex\u00edvel: <\/strong>O software de gest\u00e3o \u00e9 indicado para contadores, t\u00e9cnicos de seguran\u00e7a do trabalho, m\u00e9dicos e engenheiros. Adequado para empresas que exp\u00f5em seus funcion\u00e1rios a agentes nocivos prejudiciais \u00e0 sa\u00fade ou a integridade f\u00edsica<\/li>\n\n\n\n<li style=\"font-size:16px\"><strong>Gest\u00e3o completa e segura:<\/strong> Gest\u00e3o e controle de exames m\u00e9dicos, hist\u00f3rico profissiogr\u00e1fico e de de exposi\u00e7\u00e3o a riscos ambientais.<br><br><br><\/li>\n<\/ul>\n","protected":false},"excerpt":{"rendered":"<p>O Sistema Folha de Pagamento \u00e9 um software completo para otimizar a gest\u00e3o de departamento pessoal em empresas e escrit\u00f3rios de contabilidade, Possui ferramentas que &hellip; <\/p>\n","protected":false},"author":1,"featured_media":493,"parent":0,"menu_order":0,"comment_status":"closed","ping_status":"closed","template":"","meta":{"footnotes":""},"_links":{"self":[{"href":"https:\/\/blog.e-contab.com.br\/index.php\/wp-json\/wp\/v2\/pages\/164"}],"collection":[{"href":"https:\/\/blog.e-contab.com.br\/index.php\/wp-json\/wp\/v2\/pages"}],"about":[{"href":"https:\/\/blog.e-contab.com.br\/index.php\/wp-json\/wp\/v2\/types\/page"}],"author":[{"embeddable":true,"href":"https:\/\/blog.e-contab.com.br\/index.php\/wp-json\/wp\/v2\/users\/1"}],"replies":[{"embeddable":true,"href":"https:\/\/blog.e-contab.com.br\/index.php\/wp-json\/wp\/v2\/comments?post=164"}],"version-history":[{"count":39,"href":"https:\/\/blog.e-contab.com.br\/index.php\/wp-json\/wp\/v2\/pages\/164\/revisions"}],"predecessor-version":[{"id":726,"href":"https:\/\/blog.e-contab.com.br\/index.php\/wp-json\/wp\/v2\/pages\/164\/revisions\/726"}],"wp:featuredmedia":[{"embeddable":true,"href":"https:\/\/blog.e-contab.com.br\/index.php\/wp-json\/wp\/v2\/media\/493"}],"wp:attachment":[{"href":"https:\/\/blog.e-contab.com.br\/index.php\/wp-json\/wp\/v2\/media?parent=164"}],"curies":[{"name":"wp","href":"https:\/\/api.w.org\/{rel}","templated":true}]}}