{"id":2,"date":"2024-03-27T15:53:34","date_gmt":"2024-03-27T18:53:34","guid":{"rendered":"https:\/\/blog.e-contab.com.br\/?page_id=2"},"modified":"2026-01-22T16:36:48","modified_gmt":"2026-01-22T19:36:48","slug":"sobre-nos","status":"publish","type":"page","link":"https:\/\/blog.e-contab.com.br\/index.php\/sobre-nos\/","title":{"rendered":"Conhe\u00e7a a e-Contab"},"content":{"rendered":"\n<figure class=\"wp-block-image size-full is-style-default\"><img loading=\"lazy\" decoding=\"async\" width=\"928\" height=\"160\" src=\"https:\/\/blog.e-contab.com.br\/wp-content\/uploads\/2026\/01\/BANNER.png\" alt=\"\" class=\"wp-image-708\" srcset=\"https:\/\/blog.e-contab.com.br\/wp-content\/uploads\/2026\/01\/BANNER.png 928w, https:\/\/blog.e-contab.com.br\/wp-content\/uploads\/2026\/01\/BANNER-300x52.png 300w, https:\/\/blog.e-contab.com.br\/wp-content\/uploads\/2026\/01\/BANNER-768x132.png 768w, https:\/\/blog.e-contab.com.br\/wp-content\/uploads\/2026\/01\/BANNER-348x60.png 348w\" sizes=\"(max-width: 928px) 100vw, 928px\" \/><\/figure>\n\n\n\n<p style=\"font-size:16px\">Com <strong>20 anos<\/strong> de experi\u00eancia, a e-Contab \u00e9 especializada no desenvolvimento de softwares para gest\u00e3o cont\u00e1bil. Com mais de 7 mil clientes em todo o Brasil, nosso objetivo \u00e9 simplificar as opera\u00e7\u00f5es cont\u00e1beis de escrit\u00f3rios e empresas.<\/p>\n\n\n\n<p style=\"font-size:16px\"><strong>Nossa miss\u00e3o \u00e9 ajudar escrit\u00f3rios cont\u00e1beis crescerem e prosperarem<\/strong>. Acreditamos que a tecnologia pode ser uma ferramenta poderosa para alcan\u00e7ar esse objetivo, e por isso oferecemos <strong>solu\u00e7\u00f5es completas e personalizadas<\/strong>, que se adaptam \u00e0s necessidades espec\u00edficas de cada cliente.<\/p>\n\n\n\n<p style=\"font-size:16px\"><strong>Nossos sistemas de gest\u00e3o est\u00e3o dispon\u00edveis em duas modalidades:<\/strong><\/p>\n\n\n\n<ul>\n<li style=\"font-size:16px\"><strong>Offline:<\/strong>&nbsp;Ideal para empresas que preferem ter seus dados armazenados em seus pr\u00f3prios servidores.<\/li>\n\n\n\n<li style=\"font-size:16px\"><strong>Em nuvem:<\/strong>&nbsp;Solu\u00e7\u00e3o mais flex\u00edvel e acess\u00edvel, que permite o acesso ao sistema de qualquer lugar e a qualquer hora.<\/li>\n<\/ul>\n\n\n\n<p style=\"font-size:16px\"><strong>Um dos nossos diferenciais \u00e9 o suporte humanizado e personalizado<\/strong>. Para n\u00f3s, o relacionamento com o cliente \u00e9 fundamental para o sucesso de qualquer parceria, e por isso oferecemos um atendimento diferenciado, com uma equipe de especialistas altamente qualificados e atualizados prontos para atender \u00e0s suas necessidades.<br><br><\/p>\n\n\n\n<figure class=\"wp-block-image size-full\"><img loading=\"lazy\" decoding=\"async\" width=\"930\" height=\"334\" src=\"https:\/\/blog.e-contab.com.br\/wp-content\/uploads\/2026\/01\/clientes-econtab-1.png\" alt=\"\" class=\"wp-image-707\" srcset=\"https:\/\/blog.e-contab.com.br\/wp-content\/uploads\/2026\/01\/clientes-econtab-1.png 930w, https:\/\/blog.e-contab.com.br\/wp-content\/uploads\/2026\/01\/clientes-econtab-1-300x108.png 300w, https:\/\/blog.e-contab.com.br\/wp-content\/uploads\/2026\/01\/clientes-econtab-1-768x276.png 768w, https:\/\/blog.e-contab.com.br\/wp-content\/uploads\/2026\/01\/clientes-econtab-1-167x60.png 167w\" sizes=\"(max-width: 930px) 100vw, 930px\" \/><\/figure>\n\n\n\n<p style=\"font-size:18px\"><br><br><strong>Convidamos voc\u00ea a conhecer e experimentar gratuitamente nossos sistemas<\/strong>. Acreditamos que a e-Contab Sistemas pode ser a sua parceira ideal para o sucesso do seu neg\u00f3cio.<\/p>\n\n\n\n<p style=\"font-size:18px\"><strong>Para mais informa\u00e7\u00f5es, entre em contato conosco:<\/strong><\/p>\n\n\n\n<ul>\n<li style=\"font-size:18px\"><strong>Telefone e WhatsApp:<\/strong>&nbsp;(11) 5026-3582<\/li>\n\n\n\n<li style=\"font-size:18px\"><strong>E-mail:<\/strong>&nbsp;contato@e-contab.com.br<\/li>\n\n\n\n<li style=\"font-size:18px\"><strong>Site:<\/strong>&nbsp;<a href=\"https:\/\/www.e-contab.com.br\/\">https:\/\/www.e-contab.com.br\/<\/a><\/li>\n<\/ul>\n\n\n\n<p style=\"font-size:18px\"><strong>Experimente a e-Contab Sistemas e descubra como podemos te ajudar a alcan\u00e7ar seus objetivos!<\/strong><\/p>\n","protected":false},"excerpt":{"rendered":"<p>Com 20 anos de experi\u00eancia, a e-Contab \u00e9 especializada no desenvolvimento de softwares para gest\u00e3o cont\u00e1bil. Com mais de 7 mil clientes em todo o &hellip; <\/p>\n","protected":false},"author":1,"featured_media":509,"parent":0,"menu_order":0,"comment_status":"closed","ping_status":"closed","template":"","meta":{"footnotes":""},"_links":{"self":[{"href":"https:\/\/blog.e-contab.com.br\/index.php\/wp-json\/wp\/v2\/pages\/2"}],"collection":[{"href":"https:\/\/blog.e-contab.com.br\/index.php\/wp-json\/wp\/v2\/pages"}],"about":[{"href":"https:\/\/blog.e-contab.com.br\/index.php\/wp-json\/wp\/v2\/types\/page"}],"author":[{"embeddable":true,"href":"https:\/\/blog.e-contab.com.br\/index.php\/wp-json\/wp\/v2\/users\/1"}],"replies":[{"embeddable":true,"href":"https:\/\/blog.e-contab.com.br\/index.php\/wp-json\/wp\/v2\/comments?post=2"}],"version-history":[{"count":26,"href":"https:\/\/blog.e-contab.com.br\/index.php\/wp-json\/wp\/v2\/pages\/2\/revisions"}],"predecessor-version":[{"id":748,"href":"https:\/\/blog.e-contab.com.br\/index.php\/wp-json\/wp\/v2\/pages\/2\/revisions\/748"}],"wp:featuredmedia":[{"embeddable":true,"href":"https:\/\/blog.e-contab.com.br\/index.php\/wp-json\/wp\/v2\/media\/509"}],"wp:attachment":[{"href":"https:\/\/blog.e-contab.com.br\/index.php\/wp-json\/wp\/v2\/media?parent=2"}],"curies":[{"name":"wp","href":"https:\/\/api.w.org\/{rel}","templated":true}]}}